{"id":874,"date":"2025-10-16T19:36:42","date_gmt":"2025-10-16T19:36:42","guid":{"rendered":"https:\/\/eskuvo.bakoszoltan.hu\/wp\/?page_id=874"},"modified":"2025-12-03T19:16:06","modified_gmt":"2025-12-03T19:16:06","slug":"mini-eskuvo","status":"publish","type":"page","link":"https:\/\/eskuvo.bakoszoltan.hu\/wp\/mini-eskuvo\/","title":{"rendered":"Mini esk\u00fcv\u0151"},"content":{"rendered":"\t\t<div data-elementor-type=\"wp-page\" data-elementor-id=\"874\" class=\"elementor elementor-874\">\n\t\t\t\t<div class=\"elementor-element elementor-element-fa6862c e-flex e-con-boxed e-con e-parent\" data-id=\"fa6862c\" data-element_type=\"container\">\n\t\t\t\t\t<div class=\"e-con-inner\">\n\t\t\t\t<div class=\"elementor-element elementor-element-5aa09a3 elementor-widget elementor-widget-image\" data-id=\"5aa09a3\" data-element_type=\"widget\" data-widget_type=\"image.default\">\n\t\t\t\t<div class=\"elementor-widget-container\">\n\t\t\t\t\t\t\t\t\t\t\t\t\t\t\t<img decoding=\"async\" src=\"https:\/\/eskuvo.bakoszoltan.hu\/wp\/wp-content\/uploads\/elementor\/thumbs\/20230901-175042_MG_0070-Edit-rdb15jm9u84zk5wyjyu2hk3nu64ku7v4c4ndpzwzns.jpg\" title=\"20230901-175042_MG_0070-Edit\" alt=\"20230901-175042_MG_0070-Edit\" loading=\"lazy\" \/>\t\t\t\t\t\t\t\t\t\t\t\t\t\t\t<\/div>\n\t\t\t\t<\/div>\n\t\t\t\t<div class=\"elementor-element elementor-element-846d4ee elementor-widget__width-initial elementor-absolute elementor-widget elementor-widget-heading\" data-id=\"846d4ee\" data-element_type=\"widget\" data-settings=\"{&quot;_position&quot;:&quot;absolute&quot;}\" data-widget_type=\"heading.default\">\n\t\t\t\t<div class=\"elementor-widget-container\">\n\t\t\t\t\t<h2 class=\"elementor-heading-title elementor-size-default\">Mini Esk\u00fcv\u0151 fot\u00f3z\u00e1s<\/h2>\t\t\t\t<\/div>\n\t\t\t\t<\/div>\n\t\t\t\t\t<\/div>\n\t\t\t\t<\/div>\n\t\t<div class=\"elementor-element elementor-element-c3e2310 e-flex e-con-boxed e-con e-parent\" data-id=\"c3e2310\" data-element_type=\"container\">\n\t\t\t\t\t<div class=\"e-con-inner\">\n\t\t<div class=\"elementor-element elementor-element-c64a16a e-con-full e-flex e-con e-child\" data-id=\"c64a16a\" data-element_type=\"container\">\n\t\t\t\t<div class=\"elementor-element elementor-element-703e1ca elementor-widget elementor-widget-image\" data-id=\"703e1ca\" data-element_type=\"widget\" data-widget_type=\"image.default\">\n\t\t\t\t<div class=\"elementor-widget-container\">\n\t\t\t\t\t\t\t\t\t\t\t\t\t\t\t<img fetchpriority=\"high\" decoding=\"async\" width=\"1024\" height=\"682\" src=\"https:\/\/eskuvo.bakoszoltan.hu\/wp\/wp-content\/uploads\/2025\/01\/Regina_es_Krisztian_Zsindelyes_Cottage_Bakos_Zoltan_eskuvo_es_csalad_fotografus_Nyiregyhaza-1024x682.jpg\" class=\"attachment-large size-large wp-image-150\" alt=\"\" srcset=\"https:\/\/eskuvo.bakoszoltan.hu\/wp\/wp-content\/uploads\/2025\/01\/Regina_es_Krisztian_Zsindelyes_Cottage_Bakos_Zoltan_eskuvo_es_csalad_fotografus_Nyiregyhaza-1024x682.jpg 1024w, https:\/\/eskuvo.bakoszoltan.hu\/wp\/wp-content\/uploads\/2025\/01\/Regina_es_Krisztian_Zsindelyes_Cottage_Bakos_Zoltan_eskuvo_es_csalad_fotografus_Nyiregyhaza-300x200.jpg 300w, https:\/\/eskuvo.bakoszoltan.hu\/wp\/wp-content\/uploads\/2025\/01\/Regina_es_Krisztian_Zsindelyes_Cottage_Bakos_Zoltan_eskuvo_es_csalad_fotografus_Nyiregyhaza-768x512.jpg 768w, https:\/\/eskuvo.bakoszoltan.hu\/wp\/wp-content\/uploads\/2025\/01\/Regina_es_Krisztian_Zsindelyes_Cottage_Bakos_Zoltan_eskuvo_es_csalad_fotografus_Nyiregyhaza-1536x1024.jpg 1536w, https:\/\/eskuvo.bakoszoltan.hu\/wp\/wp-content\/uploads\/2025\/01\/Regina_es_Krisztian_Zsindelyes_Cottage_Bakos_Zoltan_eskuvo_es_csalad_fotografus_Nyiregyhaza.jpg 2000w\" sizes=\"(max-width: 1024px) 100vw, 1024px\" \/>\t\t\t\t\t\t\t\t\t\t\t\t\t\t\t<\/div>\n\t\t\t\t<\/div>\n\t\t\t\t<\/div>\n\t\t<div class=\"elementor-element elementor-element-8759a4b e-con-full e-flex e-con e-child\" data-id=\"8759a4b\" data-element_type=\"container\">\n\t\t\t\t<div class=\"elementor-element elementor-element-cbb04ef elementor-widget elementor-widget-heading\" data-id=\"cbb04ef\" data-element_type=\"widget\" data-widget_type=\"heading.default\">\n\t\t\t\t<div class=\"elementor-widget-container\">\n\t\t\t\t\t<h2 class=\"elementor-heading-title elementor-size-default\">Mir\u0151l sz\u00f3l az esk\u00fcv\u0151i mini fot\u00f3z\u00e1s?<\/h2>\t\t\t\t<\/div>\n\t\t\t\t<\/div>\n\t\t\t\t<div class=\"elementor-element elementor-element-0d37f78 elementor-widget elementor-widget-text-editor\" data-id=\"0d37f78\" data-element_type=\"widget\" data-widget_type=\"text-editor.default\">\n\t\t\t\t<div class=\"elementor-widget-container\">\n\t\t\t\t\t\t\t\t\t<p>Az esk\u00fcv\u0151i &#8220;mini\u201d csomagot azok a p\u00e1roknak aj\u00e1nlom, akik nem gondolkodnak nagy esk\u00fcv\u0151ben, de m\u00e9gis szeretn\u00e9nek csod\u00e1s fot\u00f3kat.\u00a0<br \/><br \/>A szertart\u00e1sokr\u00f3l vagy \u00e9ppen az esk\u00fcv\u0151 sz\u00e1motokra fontos r\u00e9sz\u00e9r\u0151l minden meg lesz \u00f6r\u00f6k\u00edtve.\u00a0<\/p>\t\t\t\t\t\t\t\t<\/div>\n\t\t\t\t<\/div>\n\t\t\t\t<\/div>\n\t\t\t\t\t<\/div>\n\t\t\t\t<\/div>\n\t\t<div class=\"elementor-element elementor-element-fa21aef e-flex e-con-boxed e-con e-parent\" data-id=\"fa21aef\" data-element_type=\"container\">\n\t\t\t\t\t<div class=\"e-con-inner\">\n\t\t<div class=\"elementor-element elementor-element-1c6e973 e-con-full e-flex e-con e-child\" data-id=\"1c6e973\" data-element_type=\"container\">\n\t\t\t\t<div class=\"elementor-element elementor-element-537436f elementor-widget elementor-widget-heading\" data-id=\"537436f\" data-element_type=\"widget\" data-widget_type=\"heading.default\">\n\t\t\t\t<div class=\"elementor-widget-container\">\n\t\t\t\t\t<h6 class=\"elementor-heading-title elementor-size-default\">Esk\u00fcv\u0151i fot\u00f3s 1-2 \u00f3r\u00e1ra?<\/h6>\t\t\t\t<\/div>\n\t\t\t\t<\/div>\n\t\t\t\t<div class=\"elementor-element elementor-element-9789bba elementor-widget elementor-widget-heading\" data-id=\"9789bba\" data-element_type=\"widget\" data-widget_type=\"heading.default\">\n\t\t\t\t<div class=\"elementor-widget-container\">\n\t\t\t\t\t<h1 class=\"elementor-heading-title elementor-size-default\">IGEN lehets\u00e9ges<\/h1>\t\t\t\t<\/div>\n\t\t\t\t<\/div>\n\t\t\t\t<div class=\"elementor-element elementor-element-e3732c3 elementor-widget elementor-widget-text-editor\" data-id=\"e3732c3\" data-element_type=\"widget\" data-widget_type=\"text-editor.default\">\n\t\t\t\t<div class=\"elementor-widget-container\">\n\t\t\t\t\t\t\t\t\t<p>Szolg\u00e1ltat\u00e1som ig\u00e9nybe vehet\u0151 ak\u00e1r 1 \u00f3r\u00e1ra is.\u00a0<br \/><br \/>De ha m\u00e9gis t\u00f6bbet szeretn\u00e9l, akkor k\u00e9rj aj\u00e1nlatot t\u0151lem.<\/p>\t\t\t\t\t\t\t\t<\/div>\n\t\t\t\t<\/div>\n\t\t\t\t<\/div>\n\t\t<div class=\"elementor-element elementor-element-a087dce e-con-full e-flex e-con e-child\" data-id=\"a087dce\" data-element_type=\"container\">\n\t\t\t\t<div class=\"elementor-element elementor-element-6f80d64 elementor-widget elementor-widget-heading\" data-id=\"6f80d64\" data-element_type=\"widget\" data-widget_type=\"heading.default\">\n\t\t\t\t<div class=\"elementor-widget-container\">\n\t\t\t\t\t<h2 class=\"elementor-heading-title elementor-size-default\">De mit is tartalmazhat a mini fot\u00f3z\u00e1s?<\/h2>\t\t\t\t<\/div>\n\t\t\t\t<\/div>\n\t\t\t\t<div class=\"elementor-element elementor-element-ed867db elementor-widget elementor-widget-text-editor\" data-id=\"ed867db\" data-element_type=\"widget\" data-widget_type=\"text-editor.default\">\n\t\t\t\t<div class=\"elementor-widget-container\">\n\t\t\t\t\t\t\t\t\t<p>Alapvet\u0151en szertart\u00e1sok meg\u00f6r\u00f6k\u00edt\u00e9se a c\u00e9l.<br \/>De term\u00e9szetesen a Ti ig\u00e9nyeitek alapj\u00e1n fot\u00f3zok.\u00a0<\/p><p>P\u00e9ld\u00e1k a fot\u00f3z\u00e1sra:<\/p><p>1 \u00f3ra:\u00a0<br \/>&#8211; szertart\u00e1sok<br \/>&#8211; csoportk\u00e9pek, gratul\u00e1ci\u00f3<br \/>&#8211; n\u00e9h\u00e1ny fot\u00f3 kett\u0151t\u00f6kr\u0151l<\/p><p>2 \u00f3ra:<br \/>&#8211; szertart\u00e1sok<br \/>&#8211; csoport k\u00e9pek, gratul\u00e1ci\u00f3<br \/>&#8211; ak\u00e1r 40-50 perc fot\u00f3z\u00e1s csak veletek<\/p>\t\t\t\t\t\t\t\t<\/div>\n\t\t\t\t<\/div>\n\t\t\t\t<\/div>\n\t\t\t\t\t<\/div>\n\t\t\t\t<\/div>\n\t\t<div class=\"elementor-element elementor-element-7977f28 e-flex e-con-boxed e-con e-parent\" data-id=\"7977f28\" data-element_type=\"container\">\n\t\t\t\t\t<div class=\"e-con-inner\">\n\t\t<div class=\"elementor-element elementor-element-29b1d91 e-con-full e-flex e-con e-child\" data-id=\"29b1d91\" data-element_type=\"container\">\n\t\t\t\t<div class=\"elementor-element elementor-element-90e9a90 elementor-widget elementor-widget-heading\" data-id=\"90e9a90\" data-element_type=\"widget\" data-widget_type=\"heading.default\">\n\t\t\t\t<div class=\"elementor-widget-container\">\n\t\t\t\t\t<h2 class=\"elementor-heading-title elementor-size-default\">Mikro csomag (1 \u00f3ra)<\/h2>\t\t\t\t<\/div>\n\t\t\t\t<\/div>\n\t\t\t\t<div class=\"elementor-element elementor-element-a5d2af9 elementor-widget elementor-widget-text-editor\" data-id=\"a5d2af9\" data-element_type=\"widget\" data-widget_type=\"text-editor.default\">\n\t\t\t\t<div class=\"elementor-widget-container\">\n\t\t\t\t\t\t\t\t\t<p>1 \u00f3r\u00e1s rendelkez\u00e9sre \u00e1ll\u00e1s<br \/>minimum 50 fot\u00f3<br \/>r\u00f6vid p\u00e1r k\u00e9pes fot\u00f3z\u00e1s<br \/>online digit\u00e1lis \u00e1tad\u00e1s<br \/>k\u00e9pek \u00e1tad\u00e1s 1 h\u00e9ten bel\u00fcl<br \/>megoszthat\u00f3 online gal\u00e9ria 2 h\u00e9t el\u00e9rhet\u0151\u00e9ggel<br \/><br \/><\/p>\t\t\t\t\t\t\t\t<\/div>\n\t\t\t\t<\/div>\n\t\t\t\t<div class=\"elementor-element elementor-element-40a6ae4 elementor-widget elementor-widget-heading\" data-id=\"40a6ae4\" data-element_type=\"widget\" data-widget_type=\"heading.default\">\n\t\t\t\t<div class=\"elementor-widget-container\">\n\t\t\t\t\t<h2 class=\"elementor-heading-title elementor-size-default\">40.000Ft<\/h2>\t\t\t\t<\/div>\n\t\t\t\t<\/div>\n\t\t\t\t<\/div>\n\t\t<div class=\"elementor-element elementor-element-345cc53 e-con-full e-flex e-con e-child\" data-id=\"345cc53\" data-element_type=\"container\">\n\t\t\t\t<div class=\"elementor-element elementor-element-dda26b8 elementor-widget elementor-widget-image\" data-id=\"dda26b8\" data-element_type=\"widget\" data-widget_type=\"image.default\">\n\t\t\t\t<div class=\"elementor-widget-container\">\n\t\t\t\t\t\t\t\t\t\t\t\t\t\t\t<img decoding=\"async\" width=\"1024\" height=\"683\" src=\"https:\/\/eskuvo.bakoszoltan.hu\/wp\/wp-content\/uploads\/2025\/01\/Nelli-es-Jani-Bakos-Zoltan-eskuvoi-fotografus-Nyiregyhaza-Debrecen_044-1024x683.jpg\" class=\"attachment-large size-large wp-image-455\" alt=\"\" srcset=\"https:\/\/eskuvo.bakoszoltan.hu\/wp\/wp-content\/uploads\/2025\/01\/Nelli-es-Jani-Bakos-Zoltan-eskuvoi-fotografus-Nyiregyhaza-Debrecen_044-1024x683.jpg 1024w, https:\/\/eskuvo.bakoszoltan.hu\/wp\/wp-content\/uploads\/2025\/01\/Nelli-es-Jani-Bakos-Zoltan-eskuvoi-fotografus-Nyiregyhaza-Debrecen_044-300x200.jpg 300w, https:\/\/eskuvo.bakoszoltan.hu\/wp\/wp-content\/uploads\/2025\/01\/Nelli-es-Jani-Bakos-Zoltan-eskuvoi-fotografus-Nyiregyhaza-Debrecen_044-768x512.jpg 768w, https:\/\/eskuvo.bakoszoltan.hu\/wp\/wp-content\/uploads\/2025\/01\/Nelli-es-Jani-Bakos-Zoltan-eskuvoi-fotografus-Nyiregyhaza-Debrecen_044.jpg 1500w\" sizes=\"(max-width: 1024px) 100vw, 1024px\" \/>\t\t\t\t\t\t\t\t\t\t\t\t\t\t\t<\/div>\n\t\t\t\t<\/div>\n\t\t\t\t<\/div>\n\t\t<div class=\"elementor-element elementor-element-5d0dfd3 e-con-full e-flex e-con e-child\" data-id=\"5d0dfd3\" data-element_type=\"container\">\n\t\t\t\t<div class=\"elementor-element elementor-element-ed69572 elementor-widget elementor-widget-heading\" data-id=\"ed69572\" data-element_type=\"widget\" data-widget_type=\"heading.default\">\n\t\t\t\t<div class=\"elementor-widget-container\">\n\t\t\t\t\t<h2 class=\"elementor-heading-title elementor-size-default\">Mini csomag (2 \u00f3ra)<\/h2>\t\t\t\t<\/div>\n\t\t\t\t<\/div>\n\t\t\t\t<div class=\"elementor-element elementor-element-301af53 elementor-widget elementor-widget-text-editor\" data-id=\"301af53\" data-element_type=\"widget\" data-widget_type=\"text-editor.default\">\n\t\t\t\t<div class=\"elementor-widget-container\">\n\t\t\t\t\t\t\t\t\t<p>2 \u00f3r\u00e1s rendelkez\u00e9sre \u00e1ll\u00e1s<br \/>minimum 100 fot\u00f3<br \/>p\u00e1ros fot\u00f3z\u00e1s, ak\u00e1r m\u00e1sik helysz\u00ednen<br \/>online digit\u00e1lis \u00e1tad\u00e1s<br \/>k\u00e9pek \u00e1tad\u00e1s 1 h\u00e9ten bel\u00fcl<br \/>megoszthat\u00f3 online gal\u00e9ria 2 h\u00e9t el\u00e9rhet\u0151\u00e9ggel<\/p>\t\t\t\t\t\t\t\t<\/div>\n\t\t\t\t<\/div>\n\t\t\t\t<div class=\"elementor-element elementor-element-aa956b0 elementor-widget elementor-widget-heading\" data-id=\"aa956b0\" data-element_type=\"widget\" data-widget_type=\"heading.default\">\n\t\t\t\t<div class=\"elementor-widget-container\">\n\t\t\t\t\t<h2 class=\"elementor-heading-title elementor-size-default\">70.000Ft<\/h2>\t\t\t\t<\/div>\n\t\t\t\t<\/div>\n\t\t\t\t<\/div>\n\t\t\t\t\t<\/div>\n\t\t\t\t<\/div>\n\t\t\t\t<\/div>\n\t\t","protected":false},"excerpt":{"rendered":"<p>Mini Esk\u00fcv\u0151 fot\u00f3z\u00e1s Mir\u0151l sz\u00f3l az esk\u00fcv\u0151i mini fot\u00f3z\u00e1s? Az esk\u00fcv\u0151i &#8220;mini\u201d csomagot azok a p\u00e1roknak aj\u00e1nlom, akik nem gondolkodnak nagy esk\u00fcv\u0151ben, de m\u00e9gis szeretn\u00e9nek csod\u00e1s fot\u00f3kat.\u00a0 A szertart\u00e1sokr\u00f3l vagy \u00e9ppen az esk\u00fcv\u0151 sz\u00e1motokra fontos r\u00e9sz\u00e9r\u0151l minden meg lesz \u00f6r\u00f6k\u00edtve.\u00a0 Esk\u00fcv\u0151i fot\u00f3s 1-2 \u00f3r\u00e1ra? IGEN lehets\u00e9ges Szolg\u00e1ltat\u00e1som ig\u00e9nybe vehet\u0151 ak\u00e1r 1 \u00f3r\u00e1ra is.\u00a0 De ha&#8230;<\/p>\n","protected":false},"author":1,"featured_media":0,"parent":0,"menu_order":0,"comment_status":"closed","ping_status":"closed","template":"","meta":{"_kad_post_transparent":"","_kad_post_title":"hide","_kad_post_layout":"fullwidth","_kad_post_sidebar_id":"","_kad_post_content_style":"unboxed","_kad_post_vertical_padding":"hide","_kad_post_feature":"hide","_kad_post_feature_position":"","_kad_post_header":false,"_kad_post_footer":false,"_kad_post_classname":"","footnotes":""},"class_list":["post-874","page","type-page","status-publish","hentry"],"_links":{"self":[{"href":"https:\/\/eskuvo.bakoszoltan.hu\/wp\/wp-json\/wp\/v2\/pages\/874","targetHints":{"allow":["GET"]}}],"collection":[{"href":"https:\/\/eskuvo.bakoszoltan.hu\/wp\/wp-json\/wp\/v2\/pages"}],"about":[{"href":"https:\/\/eskuvo.bakoszoltan.hu\/wp\/wp-json\/wp\/v2\/types\/page"}],"author":[{"embeddable":true,"href":"https:\/\/eskuvo.bakoszoltan.hu\/wp\/wp-json\/wp\/v2\/users\/1"}],"replies":[{"embeddable":true,"href":"https:\/\/eskuvo.bakoszoltan.hu\/wp\/wp-json\/wp\/v2\/comments?post=874"}],"version-history":[{"count":16,"href":"https:\/\/eskuvo.bakoszoltan.hu\/wp\/wp-json\/wp\/v2\/pages\/874\/revisions"}],"predecessor-version":[{"id":894,"href":"https:\/\/eskuvo.bakoszoltan.hu\/wp\/wp-json\/wp\/v2\/pages\/874\/revisions\/894"}],"wp:attachment":[{"href":"https:\/\/eskuvo.bakoszoltan.hu\/wp\/wp-json\/wp\/v2\/media?parent=874"}],"curies":[{"name":"wp","href":"https:\/\/api.w.org\/{rel}","templated":true}]}}