{"id":357,"date":"2025-01-12T17:46:42","date_gmt":"2025-01-12T17:46:42","guid":{"rendered":"https:\/\/eskuvo.bakoszoltan.hu\/wp\/?page_id=357"},"modified":"2025-01-12T17:52:40","modified_gmt":"2025-01-12T17:52:40","slug":"csaladi-fotozas","status":"publish","type":"page","link":"https:\/\/eskuvo.bakoszoltan.hu\/wp\/csaladi-fotozas\/","title":{"rendered":"Csal\u00e1di fot\u00f3z\u00e1s"},"content":{"rendered":"\t\t<div data-elementor-type=\"wp-page\" data-elementor-id=\"357\" class=\"elementor elementor-357\">\n\t\t\t\t<div class=\"elementor-element elementor-element-07a5dec e-con-full e-flex elementor-invisible e-con e-parent\" data-id=\"07a5dec\" data-element_type=\"container\" data-settings=\"{&quot;background_background&quot;:&quot;classic&quot;,&quot;animation&quot;:&quot;fadeIn&quot;}\">\n\t\t\t\t<div class=\"elementor-element elementor-element-8cf5af2 elementor-widget elementor-widget-heading\" data-id=\"8cf5af2\" data-element_type=\"widget\" data-settings=\"{&quot;_animation&quot;:&quot;none&quot;}\" data-widget_type=\"heading.default\">\n\t\t\t\t<div class=\"elementor-widget-container\">\n\t\t\t\t\t<h2 class=\"elementor-heading-title elementor-size-default\">Csal\u00e1di fot\u00f3z\u00e1s<\/h2>\t\t\t\t<\/div>\n\t\t\t\t<\/div>\n\t\t\t\t<div class=\"elementor-element elementor-element-285147a elementor-widget elementor-widget-text-editor\" data-id=\"285147a\" data-element_type=\"widget\" data-widget_type=\"text-editor.default\">\n\t\t\t\t<div class=\"elementor-widget-container\">\n\t\t\t\t\t\t\t\t\t<p>Al\u00e1bbiakban esk\u00fcv\u0151 fot\u00f3z\u00e1si csomagjaimba kaptok bepillant\u00e1st.<br \/>De minden esk\u00fcv\u0151 m\u00e1s \u00e9s m\u00e1s, ez\u00e9rt \u00e1raj\u00e1nlattal csak pontos r\u00e9szletek megad\u00e1sa \u00e9s egy besz\u00e9lget\u00e9s ut\u00e1n tudok Nektek szolg\u00e1lni.<\/p>\t\t\t\t\t\t\t\t<\/div>\n\t\t\t\t<\/div>\n\t\t\t\t<\/div>\n\t\t<div class=\"elementor-element elementor-element-bd69c2c e-flex e-con-boxed e-con e-parent\" data-id=\"bd69c2c\" data-element_type=\"container\">\n\t\t\t\t\t<div class=\"e-con-inner\">\n\t\t\t\t<div class=\"elementor-element elementor-element-28d5059 elementor-widget elementor-widget-heading\" data-id=\"28d5059\" data-element_type=\"widget\" data-settings=\"{&quot;_animation&quot;:&quot;none&quot;}\" data-widget_type=\"heading.default\">\n\t\t\t\t<div class=\"elementor-widget-container\">\n\t\t\t\t\t<h2 class=\"elementor-heading-title elementor-size-default\">Honlapunk \u00e9s oldalaink folyamatos felt\u00f6lt\u00e9s \u00e9s fejleszt\u00e9s alatt \u00e1llnak.\nEl\u00e9rhet\u0151s\u00e9geinken sz\u00edvesen \u00e1llunk rendelkez\u00e9setekre!\nK\u00f6sz\u00f6nj\u00fcnk t\u00fcrelmeteket!!!!<\/h2>\t\t\t\t<\/div>\n\t\t\t\t<\/div>\n\t\t\t\t\t<\/div>\n\t\t\t\t<\/div>\n\t\t\t\t<\/div>\n\t\t","protected":false},"excerpt":{"rendered":"<p>Csal\u00e1di fot\u00f3z\u00e1s Al\u00e1bbiakban esk\u00fcv\u0151 fot\u00f3z\u00e1si csomagjaimba kaptok bepillant\u00e1st.De minden esk\u00fcv\u0151 m\u00e1s \u00e9s m\u00e1s, ez\u00e9rt \u00e1raj\u00e1nlattal csak pontos r\u00e9szletek megad\u00e1sa \u00e9s egy besz\u00e9lget\u00e9s ut\u00e1n tudok Nektek szolg\u00e1lni. Honlapunk \u00e9s oldalaink folyamatos felt\u00f6lt\u00e9s \u00e9s fejleszt\u00e9s alatt \u00e1llnak. El\u00e9rhet\u0151s\u00e9geinken sz\u00edvesen \u00e1llunk rendelkez\u00e9setekre! K\u00f6sz\u00f6nj\u00fcnk t\u00fcrelmeteket!!!!<\/p>\n","protected":false},"author":1,"featured_media":0,"parent":0,"menu_order":0,"comment_status":"closed","ping_status":"closed","template":"","meta":{"_kad_post_transparent":"","_kad_post_title":"hide","_kad_post_layout":"fullwidth","_kad_post_sidebar_id":"","_kad_post_content_style":"unboxed","_kad_post_vertical_padding":"hide","_kad_post_feature":"hide","_kad_post_feature_position":"","_kad_post_header":false,"_kad_post_footer":false,"_kad_post_classname":"","footnotes":""},"class_list":["post-357","page","type-page","status-publish","hentry"],"_links":{"self":[{"href":"https:\/\/eskuvo.bakoszoltan.hu\/wp\/wp-json\/wp\/v2\/pages\/357","targetHints":{"allow":["GET"]}}],"collection":[{"href":"https:\/\/eskuvo.bakoszoltan.hu\/wp\/wp-json\/wp\/v2\/pages"}],"about":[{"href":"https:\/\/eskuvo.bakoszoltan.hu\/wp\/wp-json\/wp\/v2\/types\/page"}],"author":[{"embeddable":true,"href":"https:\/\/eskuvo.bakoszoltan.hu\/wp\/wp-json\/wp\/v2\/users\/1"}],"replies":[{"embeddable":true,"href":"https:\/\/eskuvo.bakoszoltan.hu\/wp\/wp-json\/wp\/v2\/comments?post=357"}],"version-history":[{"count":10,"href":"https:\/\/eskuvo.bakoszoltan.hu\/wp\/wp-json\/wp\/v2\/pages\/357\/revisions"}],"predecessor-version":[{"id":373,"href":"https:\/\/eskuvo.bakoszoltan.hu\/wp\/wp-json\/wp\/v2\/pages\/357\/revisions\/373"}],"wp:attachment":[{"href":"https:\/\/eskuvo.bakoszoltan.hu\/wp\/wp-json\/wp\/v2\/media?parent=357"}],"curies":[{"name":"wp","href":"https:\/\/api.w.org\/{rel}","templated":true}]}}